{"id":1166,"date":"2021-11-11T08:01:53","date_gmt":"2021-11-11T08:01:53","guid":{"rendered":"https:\/\/www3.ameba.ch\/?page_id=1166"},"modified":"2025-07-29T06:48:56","modified_gmt":"2025-07-29T06:48:56","slug":"impressum","status":"publish","type":"page","link":"https:\/\/www.ameba.ch\/index.php\/impressum\/","title":{"rendered":"Impressum"},"content":{"rendered":"<section class=\"kc-elm kc-css-538017 kc_row\"><div class=\"kc-row-container  kc-container\"><div class=\"kc-wrap-columns\"><div class=\"kc-elm kc-css-331033 kc_col-sm-12 kc_column kc_col-sm-12\"><div class=\"kc-col-container\">\n<div class=\"kc-elm kc-css-628441 kc-title-wrap \">\n\n\t<h1 class=\"kc_title\">Impressum<\/h1>\n<\/div>\n<div class=\"kc-elm kc-css-135044 kc_text_block\"><\/p>\n<p class=\"font_8\"><b>Ameba AG<\/b><br \/>Beat Schirmer<br \/>Telefon +41 61 322 42 24<br \/><a href=\"https:\/\/www.ameba.ch\" target=\"_blank\" rel=\"noopener\">www.ameba.ch<\/a><br \/><a href=\"mailto:info@ameba.ch\" target=\"_blank\" rel=\"noopener\">info@ameba.ch<\/a><\/p>\n<h5 class=\"font_2\">Vertretungsberechtigte Personen<\/h5>\n<p class=\"font_8\">Beat Schirmer<\/p>\n<h5 class=\"font_2\">Handelsregistereintrag<\/h5>\n<p class=\"font_8\">Eingetragener Firmenname: Ameba AG<br \/>Nummer: CHE-294.094.989<\/p>\n<h5 class=\"font_2\">Mehrwertsteuernummer<\/h5>\n<p>CHE-294.094.989 MWST<\/p>\n<h5 class=\"font_2\">Haftungsausschluss<\/h5>\n<p class=\"font_8\">Der Autor \u00fcbernimmt keinerlei Gew\u00e4hr hinsichtlich der inhaltlichen Richtigkeit, Genauigkeit, Aktualit\u00e4t, Zuverl\u00e4ssigkeit und Vollst\u00e4ndigkeit der Informationen.<\/p>\n<p class=\"font_8\">Haftungsanspr\u00fcche gegen den Autor wegen Sch\u00e4den materieller oder immaterieller Art, welche aus dem Zugriff oder der Nutzung bzw. Nichtnutzung der ver\u00f6ffentlichten Informationen, durch Missbrauch der Verbindung oder durch technische St\u00f6rungen entstanden sind, werden ausgeschlossen.<\/p>\n<p class=\"font_8\">Alle Angebote sind unverbindlich. Der Autor beh\u00e4lt es sich ausdr\u00fccklich vor, Teile der Seiten oder das gesamte Angebot ohne gesonderte Ank\u00fcndigung zu ver\u00e4ndern, zu erg\u00e4nzen, zu l\u00f6schen oder die Ver\u00f6ffentlichung zeitweise oder endg\u00fcltig einzustellen.<\/p>\n<h5 class=\"font_2\">Haftung f\u00fcr Links<\/h5>\n<p class=\"font_8\">Verweise und Links auf Webseiten Dritter liegen ausserhalb unseres Verantwortungsbereichs Es wird jegliche Verantwortung f\u00fcr solche Webseiten abgelehnt. Der Zugriff und die Nutzung solcher Webseiten erfolgen auf eigene Gefahr des Nutzers oder der Nutzerin.<\/p>\n<h5 class=\"font_2\">Urheberrechte<\/h5>\n<p class=\"font_8\">Die Urheber- und alle anderen Rechte an Inhalten, Bildern, Fotos oder anderen Dateien auf der Website geh\u00f6ren ausschliesslich der Firma Ameba AG oder den speziell genannten Rechtsinhabern. F\u00fcr die Reproduktion jeglicher Elemente ist die schriftliche Zustimmung der Urheberrechtstr\u00e4ger im Voraus einzuholen.<\/p>\n<h5 class=\"font_2\">Redaktionelle Verantwortung<\/h5>\n<p>Beat Schirmer<\/p>\n<h5 class=\"font_2\">Hosting<\/h5>\n<p class=\"font_8\">phibus Informatik GmbH<br \/>Therwilerstrasse 52<br \/>4104 Oberwil<br \/><a href=\"https:\/\/www.phibus.ch\" target=\"_blank\" rel=\"noopener\">www.phibus.ch<\/a><br \/><a href=\"mailto:email@phibus.ch\">email@phibus.ch<\/a><\/p>\n<p>\n<\/div><\/div><\/div><\/div><\/div><\/section>\n","protected":false},"excerpt":{"rendered":"","protected":false},"author":4,"featured_media":0,"parent":0,"menu_order":0,"comment_status":"closed","ping_status":"closed","template":"","meta":{"footnotes":""},"class_list":["post-1166","page","type-page","status-publish","hentry"],"yoast_head":"<!-- This site is optimized with the Yoast SEO plugin v27.2 - https:\/\/yoast.com\/product\/yoast-seo-wordpress\/ -->\n<title>Impressum - Ameba AG<\/title>\n<meta name=\"robots\" content=\"index, follow, max-snippet:-1, max-image-preview:large, max-video-preview:-1\" \/>\n<link rel=\"canonical\" href=\"https:\/\/www.ameba.ch\/index.php\/impressum\/\" \/>\n<meta property=\"og:locale\" content=\"de_DE\" \/>\n<meta property=\"og:type\" content=\"article\" \/>\n<meta property=\"og:title\" content=\"Impressum - Ameba AG\" \/>\n<meta property=\"og:description\" content=\"Impressum Ameba AGBeat SchirmerTelefon +41 61 322 42 24www.ameba.chinfo@ameba.ch Vertretungsberechtigte Personen Beat Schirmer Handelsregistereintrag Eingetragener Firmenname: Ameba AGNummer: CHE-294.094.989 Mehrwertsteuernummer CHE-294.094.989 MWST Haftungsausschluss Der Autor \u00fcbernimmt keinerlei Gew\u00e4hr hinsichtlich der inhaltlichen Richtigkeit, Genauigkeit, Aktualit\u00e4t, Zuverl\u00e4ssigkeit und Vollst\u00e4ndigkeit der Informationen. Haftungsanspr\u00fcche gegen den Autor wegen Sch\u00e4den materieller oder immaterieller Art, welche aus dem Zugriff oder der [&hellip;]\" \/>\n<meta property=\"og:url\" content=\"https:\/\/www.ameba.ch\/index.php\/impressum\/\" \/>\n<meta property=\"og:site_name\" content=\"Ameba AG\" \/>\n<meta property=\"article:modified_time\" content=\"2025-07-29T06:48:56+00:00\" \/>\n<meta name=\"twitter:card\" content=\"summary_large_image\" \/>\n<meta name=\"twitter:label1\" content=\"Gesch\u00e4tzte Lesezeit\" \/>\n\t<meta name=\"twitter:data1\" content=\"1\u00a0Minute\" \/>\n<script type=\"application\/ld+json\" class=\"yoast-schema-graph\">{\"@context\":\"https:\/\/schema.org\",\"@graph\":[{\"@type\":\"WebPage\",\"@id\":\"https:\/\/www.ameba.ch\/index.php\/impressum\/\",\"url\":\"https:\/\/www.ameba.ch\/index.php\/impressum\/\",\"name\":\"Impressum - Ameba AG\",\"isPartOf\":{\"@id\":\"https:\/\/www.ameba.ch\/#website\"},\"datePublished\":\"2021-11-11T08:01:53+00:00\",\"dateModified\":\"2025-07-29T06:48:56+00:00\",\"breadcrumb\":{\"@id\":\"https:\/\/www.ameba.ch\/index.php\/impressum\/#breadcrumb\"},\"inLanguage\":\"de\",\"potentialAction\":[{\"@type\":\"ReadAction\",\"target\":[\"https:\/\/www.ameba.ch\/index.php\/impressum\/\"]}]},{\"@type\":\"BreadcrumbList\",\"@id\":\"https:\/\/www.ameba.ch\/index.php\/impressum\/#breadcrumb\",\"itemListElement\":[{\"@type\":\"ListItem\",\"position\":1,\"name\":\"Home\",\"item\":\"https:\/\/www.ameba.ch\/\"},{\"@type\":\"ListItem\",\"position\":2,\"name\":\"Impressum\"}]},{\"@type\":\"WebSite\",\"@id\":\"https:\/\/www.ameba.ch\/#website\",\"url\":\"https:\/\/www.ameba.ch\/\",\"name\":\"Ameba AG\",\"description\":\"\",\"publisher\":{\"@id\":\"https:\/\/www.ameba.ch\/#organization\"},\"potentialAction\":[{\"@type\":\"SearchAction\",\"target\":{\"@type\":\"EntryPoint\",\"urlTemplate\":\"https:\/\/www.ameba.ch\/?s={search_term_string}\"},\"query-input\":{\"@type\":\"PropertyValueSpecification\",\"valueRequired\":true,\"valueName\":\"search_term_string\"}}],\"inLanguage\":\"de\"},{\"@type\":\"Organization\",\"@id\":\"https:\/\/www.ameba.ch\/#organization\",\"name\":\"Ameba AG\",\"url\":\"https:\/\/www.ameba.ch\/\",\"logo\":{\"@type\":\"ImageObject\",\"inLanguage\":\"de\",\"@id\":\"https:\/\/www.ameba.ch\/#\/schema\/logo\/image\/\",\"url\":\"https:\/\/www.ameba.ch\/wp-content\/uploads\/2017\/09\/cropped-logo-1.png\",\"contentUrl\":\"https:\/\/www.ameba.ch\/wp-content\/uploads\/2017\/09\/cropped-logo-1.png\",\"width\":85,\"height\":85,\"caption\":\"Ameba AG\"},\"image\":{\"@id\":\"https:\/\/www.ameba.ch\/#\/schema\/logo\/image\/\"}}]}<\/script>\n<!-- \/ Yoast SEO plugin. -->","yoast_head_json":{"title":"Impressum - Ameba AG","robots":{"index":"index","follow":"follow","max-snippet":"max-snippet:-1","max-image-preview":"max-image-preview:large","max-video-preview":"max-video-preview:-1"},"canonical":"https:\/\/www.ameba.ch\/index.php\/impressum\/","og_locale":"de_DE","og_type":"article","og_title":"Impressum - Ameba AG","og_description":"Impressum Ameba AGBeat SchirmerTelefon +41 61 322 42 24www.ameba.chinfo@ameba.ch Vertretungsberechtigte Personen Beat Schirmer Handelsregistereintrag Eingetragener Firmenname: Ameba AGNummer: CHE-294.094.989 Mehrwertsteuernummer CHE-294.094.989 MWST Haftungsausschluss Der Autor \u00fcbernimmt keinerlei Gew\u00e4hr hinsichtlich der inhaltlichen Richtigkeit, Genauigkeit, Aktualit\u00e4t, Zuverl\u00e4ssigkeit und Vollst\u00e4ndigkeit der Informationen. Haftungsanspr\u00fcche gegen den Autor wegen Sch\u00e4den materieller oder immaterieller Art, welche aus dem Zugriff oder der [&hellip;]","og_url":"https:\/\/www.ameba.ch\/index.php\/impressum\/","og_site_name":"Ameba AG","article_modified_time":"2025-07-29T06:48:56+00:00","twitter_card":"summary_large_image","twitter_misc":{"Gesch\u00e4tzte Lesezeit":"1\u00a0Minute"},"schema":{"@context":"https:\/\/schema.org","@graph":[{"@type":"WebPage","@id":"https:\/\/www.ameba.ch\/index.php\/impressum\/","url":"https:\/\/www.ameba.ch\/index.php\/impressum\/","name":"Impressum - Ameba AG","isPartOf":{"@id":"https:\/\/www.ameba.ch\/#website"},"datePublished":"2021-11-11T08:01:53+00:00","dateModified":"2025-07-29T06:48:56+00:00","breadcrumb":{"@id":"https:\/\/www.ameba.ch\/index.php\/impressum\/#breadcrumb"},"inLanguage":"de","potentialAction":[{"@type":"ReadAction","target":["https:\/\/www.ameba.ch\/index.php\/impressum\/"]}]},{"@type":"BreadcrumbList","@id":"https:\/\/www.ameba.ch\/index.php\/impressum\/#breadcrumb","itemListElement":[{"@type":"ListItem","position":1,"name":"Home","item":"https:\/\/www.ameba.ch\/"},{"@type":"ListItem","position":2,"name":"Impressum"}]},{"@type":"WebSite","@id":"https:\/\/www.ameba.ch\/#website","url":"https:\/\/www.ameba.ch\/","name":"Ameba AG","description":"","publisher":{"@id":"https:\/\/www.ameba.ch\/#organization"},"potentialAction":[{"@type":"SearchAction","target":{"@type":"EntryPoint","urlTemplate":"https:\/\/www.ameba.ch\/?s={search_term_string}"},"query-input":{"@type":"PropertyValueSpecification","valueRequired":true,"valueName":"search_term_string"}}],"inLanguage":"de"},{"@type":"Organization","@id":"https:\/\/www.ameba.ch\/#organization","name":"Ameba AG","url":"https:\/\/www.ameba.ch\/","logo":{"@type":"ImageObject","inLanguage":"de","@id":"https:\/\/www.ameba.ch\/#\/schema\/logo\/image\/","url":"https:\/\/www.ameba.ch\/wp-content\/uploads\/2017\/09\/cropped-logo-1.png","contentUrl":"https:\/\/www.ameba.ch\/wp-content\/uploads\/2017\/09\/cropped-logo-1.png","width":85,"height":85,"caption":"Ameba AG"},"image":{"@id":"https:\/\/www.ameba.ch\/#\/schema\/logo\/image\/"}}]}},"_links":{"self":[{"href":"https:\/\/www.ameba.ch\/index.php\/wp-json\/wp\/v2\/pages\/1166","targetHints":{"allow":["GET"]}}],"collection":[{"href":"https:\/\/www.ameba.ch\/index.php\/wp-json\/wp\/v2\/pages"}],"about":[{"href":"https:\/\/www.ameba.ch\/index.php\/wp-json\/wp\/v2\/types\/page"}],"author":[{"embeddable":true,"href":"https:\/\/www.ameba.ch\/index.php\/wp-json\/wp\/v2\/users\/4"}],"replies":[{"embeddable":true,"href":"https:\/\/www.ameba.ch\/index.php\/wp-json\/wp\/v2\/comments?post=1166"}],"version-history":[{"count":12,"href":"https:\/\/www.ameba.ch\/index.php\/wp-json\/wp\/v2\/pages\/1166\/revisions"}],"predecessor-version":[{"id":1990,"href":"https:\/\/www.ameba.ch\/index.php\/wp-json\/wp\/v2\/pages\/1166\/revisions\/1990"}],"wp:attachment":[{"href":"https:\/\/www.ameba.ch\/index.php\/wp-json\/wp\/v2\/media?parent=1166"}],"curies":[{"name":"wp","href":"https:\/\/api.w.org\/{rel}","templated":true}]}}