{"id":14,"date":"2017-09-24T12:41:47","date_gmt":"2017-09-24T12:41:47","guid":{"rendered":"https:\/\/thegenius.co\/wp\/industry\/live2\/?page_id=14"},"modified":"2023-01-09T13:35:27","modified_gmt":"2023-01-09T13:35:27","slug":"about","status":"publish","type":"page","link":"https:\/\/www.ameba.ch\/index.php\/about\/","title":{"rendered":"\u00dcber uns"},"content":{"rendered":"<p><section class=\"kc-elm kc-css-97786 kc_row\"><div class=\"kc-row-container  kc-container\"><div class=\"kc-wrap-columns\"><div class=\"kc-elm kc-css-266017 kc_col-sm-7 kc_column kc_col-sm-7\"><div class=\"kc-col-container\">\n<div class=\"project-dtl-block\">\n    <h4 class=\"project-dtl-heading\">In dritter Generation: Vertrieb von High-End Silikonen und Industrieklebstoffen<\/h4>\n     <\/p>\n<p><\/div>\n    <div class=\"kc-elm kc-css-800030 kc_text_block\"><\/p>\n<div style=\"color: black; font-family: sans-serif;\">\n<p><strong>Ameba AG \u2013 Ihre Spezialistin f\u00fcr Fl\u00fcssig-Silikonkautschuk, Vergussmassen und Konstruktionsklebstoffe in der Schweiz<\/strong>Die Ameba AG konzentriert sich auf den <strong>Vertrieb hochwertiger Werkstoffe<\/strong> f\u00fcr industrielle Anwendungen, insbesondere:<\/p>\n<ul>\n<li style=\"color: black;\">Fl\u00fcssig-Silikonkautschuk (LSR), (RTV-1) (RTV-2)<\/li>\n<li style=\"color: black;\">Vergussmassen<\/li>\n<li style=\"color: black;\">Konstruktionsklebstoffe<\/li>\n<\/ul>\n<p>Als <strong>offizieller Importeur und Hauptvertriebspartner von WACKER<\/strong> in der Schweiz sowie langj\u00e4hriger <strong> Importeur und Hauptvertriebspartner <\/strong>von <strong>Parker LORD<\/strong> bietet die Ameba AG nicht nur Premiumprodukte, sondern auch pers\u00f6nliche, technische Beratung und schlanke, effiziente Prozesse.<\/p>\n<p>Seit dem Umzug 2019 ist der Standort Frick im Kanton Aargau das neue Zentrum des Unternehmens. Das moderne Lager erm\u00f6glicht kurze Lieferzeiten und h\u00f6chste Verf\u00fcgbarkeit. Die neuen B\u00fcror\u00e4umlichkeiten bieten ausserdem Raum f\u00fcr Produktschulungen, technische Workshops und pers\u00f6nliche Beratungsgespr\u00e4che.<\/p>\n<p>Die Geschichte der Ameba AG reicht \u00fcber 100 Jahre zur\u00fcck. Gegr\u00fcndet wurde das Unternehmen von Alphons Meier in Basel, der Firmenname steht f\u00fcr Alphons Meier Basel. Bereits 1919 begann Meier mit dem Vertrieb chemisch-technischer Produkte und entwickelte Klebstoffe, Grundierungen und Appreturen nach eigenen Rezepturen.<\/p>\n<p>In der zweiten Generation f\u00fchrte sein Sohn Harald Schirmer die Firma erfolgreich weiter und richtete das Angebot konsequent an den sich wandelnden Anforderungen der Industrie aus. Seit 2012 wird das Unternehmen von Beat Schirmer in dritter Generation gef\u00fchrt und als <strong>Ameba AG<\/strong> firmiert.<\/p>\n<\/div>\n<p>\n<\/div><\/div><\/div><div class=\"kc-elm kc-css-167084 kc_col-sm-5 kc_column kc_col-sm-5\"><div class=\"kc-col-container\"><div class=\"kc-elm kc-css-839664\" style=\"height: 209px; clear: both; width:100%;\"><\/div><div class=\"kc-elm kc-css-239029 kc_shortcode kc_single_image\">\n\n        <img decoding=\"async\" src=\"https:\/\/www.ameba.ch\/wp-content\/uploads\/2021\/04\/Ameba-Lager-Frick-e1618403575181.jpg\" class=\"\" alt=\"\" \/>    <\/div>\n<div class=\"kc-elm kc-css-450123 kc_row kc_row_inner\"><div class=\"kc-elm kc-css-377290 kc_col-sm-6 kc_column_inner kc_col-sm-6\"><div class=\"kc_wrapper kc-col-inner-container\"><div class=\"kc-elm kc-css-214325 kc_shortcode kc_single_image\">\n\n        <img decoding=\"async\" src=\"https:\/\/www.ameba.ch\/wp-content\/uploads\/2021\/04\/Opa-Schirmer-Basel-1980-e1618402959607.jpeg\" class=\"\" alt=\"\" \/>    <\/div>\n<\/div><\/div><div class=\"kc-elm kc-css-494002 kc_col-sm-6 kc_column_inner kc_col-sm-6\"><div class=\"kc_wrapper kc-col-inner-container\"><div class=\"kc-elm kc-css-483501 kc_shortcode kc_single_image\">\n\n        <img decoding=\"async\" src=\"https:\/\/www.ameba.ch\/wp-content\/uploads\/2021\/04\/Verkaufsflaeche-Immengasse-21-e1618403123202.jpeg\" class=\"\" alt=\"\" \/>    <\/div>\n<\/div><\/div><\/div><\/div><\/div><\/div><\/div><\/section><section class=\"kc-elm kc-css-714997 kc_row\"><div class=\"kc-row-container  kc-container\"><div class=\"kc-wrap-columns\"><div class=\"kc-elm kc-css-460702 kc_col-sm-12 kc_column kc_col-sm-12\"><div class=\"kc-col-container\"><div class=\"kc-elm kc-css-471046 kc_box_wrap \"><div><div class=\"one-one\"><p><br><\/p><\/div><\/div><\/div><\/div><\/div><\/div><\/div><\/section><section class=\"kc-elm kc-css-730047 kc_row\"><div class=\"kc-row-container  kc-container\"><div class=\"kc-wrap-columns\"><div class=\"kc-elm kc-css-580534 kc_col-sm-12 kc_column kc_col-sm-12\"><div class=\"kc-col-container\"><div class=\"kc-elm kc-css-283307 kc_row kc_row_inner\"><div class=\"kc-elm kc-css-307824 kc_col-sm-3 kc_column_inner kc_col-sm-3\"><div class=\"kc_wrapper kc-col-inner-container\">    <div class=\"team-member\">\r\n        <div class=\"team-img\">\r\n          <img decoding=\"async\" src=\"https:\/\/www3.ameba.ch\/wp-content\/uploads\/2021\/04\/Schirmer_klein-e1617886020742-300x289.jpg\" class=\"img-responsive\" alt=\"team-member\">\r\n          <div class=\"team-social\">\r\n            <ul>\r\n                          <li><a href=\"\" target=\"_blank\"><i class=\"ti-facebook\" aria-hidden=\"true\"><\/i><\/a><\/li>\r\n                          <li><a href=\"\" target=\"_blank\"><i class=\"ti-linkedin\" aria-hidden=\"true\"><\/i><\/a><\/li>\r\n                        <\/ul>\r\n          <\/div>\r\n        <\/div>\r\n        <a href=\"javascript:void(0)\"><h6 class=\"team-name\">Beat Schirmer<\/h6><\/a>\r\n        <div class=\"team-post\">Gesch\u00e4ftsf\u00fchrer<\/div>\r\n        <div class=\"team-contact\"><a href=\"javascript:void(0)\">+41 (0)61 322 42 24<\/a><\/div>\r\n        <div class=\"team-mail\"><a href=\"javascript:void(0)\">b.schirmer@ameba.ch<\/a><\/div>\r\n    <\/div>\r\n    <\/div><\/div><div class=\"kc-elm kc-css-988580 kc_col-sm-3 kc_column_inner kc_col-sm-3\"><div class=\"kc_wrapper kc-col-inner-container\">    <div class=\"team-member\">\r\n        <div class=\"team-img\">\r\n          <img decoding=\"async\" src=\"https:\/\/www3.ameba.ch\/wp-content\/uploads\/2021\/04\/rudolph-scaled-e1617885421379-300x291.jpg\" class=\"img-responsive\" alt=\"team-member\">\r\n          <div class=\"team-social\">\r\n            <ul>\r\n                          <li><a href=\"\" target=\"_blank\"><i class=\"ti-facebook\" aria-hidden=\"true\"><\/i><\/a><\/li>\r\n                          <li><a href=\"#\" target=\"_blank\"><i class=\"ti-linkedin\" aria-hidden=\"true\"><\/i><\/a><\/li>\r\n                        <\/ul>\r\n          <\/div>\r\n        <\/div>\r\n        <a href=\"javascript:void(0)\"><h6 class=\"team-name\">Isidora Rudolph<\/h6><\/a>\r\n        <div class=\"team-post\">Marketing Manager<\/div>\r\n        <div class=\"team-contact\"><a href=\"javascript:void(0)\">+41 (0)62 871 02 92<\/a><\/div>\r\n        <div class=\"team-mail\"><a href=\"javascript:void(0)\">i.rudolph@ameba.ch<\/a><\/div>\r\n    <\/div>\r\n    <\/div><\/div><div class=\"kc-elm kc-css-282440 kc_col-sm-3 kc_column_inner kc_col-sm-3\"><div class=\"kc_wrapper kc-col-inner-container\"><\/div><\/div><div class=\"kc-elm kc-css-373049 kc_col-sm-3 kc_column_inner kc_col-sm-3\"><div class=\"kc_wrapper kc-col-inner-container\"><\/div><\/div><\/div><\/div><\/div><\/div><\/div><\/section><\/p>\n","protected":false},"excerpt":{"rendered":"","protected":false},"author":1,"featured_media":0,"parent":0,"menu_order":0,"comment_status":"closed","ping_status":"closed","template":"","meta":{"footnotes":""},"class_list":["post-14","page","type-page","status-publish","hentry"],"yoast_head":"<!-- This site is optimized with the Yoast SEO plugin v27.2 - https:\/\/yoast.com\/product\/yoast-seo-wordpress\/ -->\n<title>Unternehmensgeschichte - Ameba AG<\/title>\n<meta name=\"description\" content=\"Unternehmensgeschichte: Seit \u00fcber 90 Jahren vertreibt die Ameba AG erfolgreich Fl\u00fcssig-Silikonkautschuk, Konstruktionsklebstoffe, Giessharze etc.\" \/>\n<meta name=\"robots\" content=\"index, follow, max-snippet:-1, max-image-preview:large, max-video-preview:-1\" \/>\n<link rel=\"canonical\" href=\"https:\/\/www.ameba.ch\/index.php\/about\/\" \/>\n<meta property=\"og:locale\" content=\"de_DE\" \/>\n<meta property=\"og:type\" content=\"article\" \/>\n<meta property=\"og:title\" content=\"Unternehmensgeschichte - Ameba AG\" \/>\n<meta property=\"og:description\" content=\"Unternehmensgeschichte: Seit \u00fcber 90 Jahren vertreibt die Ameba AG erfolgreich Fl\u00fcssig-Silikonkautschuk, Konstruktionsklebstoffe, Giessharze etc.\" \/>\n<meta property=\"og:url\" content=\"https:\/\/www.ameba.ch\/index.php\/about\/\" \/>\n<meta property=\"og:site_name\" content=\"Ameba AG\" \/>\n<meta property=\"article:modified_time\" content=\"2023-01-09T13:35:27+00:00\" \/>\n<meta property=\"og:image\" content=\"https:\/\/www.ameba.ch\/wp-content\/uploads\/2021\/04\/Ameba-Lager-Frick-e1618403575181.jpg\" \/>\n<meta name=\"twitter:card\" content=\"summary_large_image\" \/>\n<meta name=\"twitter:label1\" content=\"Gesch\u00e4tzte Lesezeit\" \/>\n\t<meta name=\"twitter:data1\" content=\"2\u00a0Minuten\" \/>\n<script type=\"application\/ld+json\" class=\"yoast-schema-graph\">{\"@context\":\"https:\/\/schema.org\",\"@graph\":[{\"@type\":\"WebPage\",\"@id\":\"https:\/\/www.ameba.ch\/index.php\/about\/\",\"url\":\"https:\/\/www.ameba.ch\/index.php\/about\/\",\"name\":\"Unternehmensgeschichte - Ameba AG\",\"isPartOf\":{\"@id\":\"https:\/\/www.ameba.ch\/#website\"},\"primaryImageOfPage\":{\"@id\":\"https:\/\/www.ameba.ch\/index.php\/about\/#primaryimage\"},\"image\":{\"@id\":\"https:\/\/www.ameba.ch\/index.php\/about\/#primaryimage\"},\"thumbnailUrl\":\"https:\/\/www.ameba.ch\/wp-content\/uploads\/2021\/04\/Ameba-Lager-Frick-e1618403575181.jpg\",\"datePublished\":\"2017-09-24T12:41:47+00:00\",\"dateModified\":\"2023-01-09T13:35:27+00:00\",\"description\":\"Unternehmensgeschichte: Seit \u00fcber 90 Jahren vertreibt die Ameba AG erfolgreich Fl\u00fcssig-Silikonkautschuk, Konstruktionsklebstoffe, Giessharze etc.\",\"breadcrumb\":{\"@id\":\"https:\/\/www.ameba.ch\/index.php\/about\/#breadcrumb\"},\"inLanguage\":\"de\",\"potentialAction\":[{\"@type\":\"ReadAction\",\"target\":[\"https:\/\/www.ameba.ch\/index.php\/about\/\"]}]},{\"@type\":\"ImageObject\",\"inLanguage\":\"de\",\"@id\":\"https:\/\/www.ameba.ch\/index.php\/about\/#primaryimage\",\"url\":\"https:\/\/www.ameba.ch\/wp-content\/uploads\/2021\/04\/Ameba-Lager-Frick-e1618403575181.jpg\",\"contentUrl\":\"https:\/\/www.ameba.ch\/wp-content\/uploads\/2021\/04\/Ameba-Lager-Frick-e1618403575181.jpg\",\"width\":565,\"height\":310,\"caption\":\"Lager Ameba AG in Frick, heute\"},{\"@type\":\"BreadcrumbList\",\"@id\":\"https:\/\/www.ameba.ch\/index.php\/about\/#breadcrumb\",\"itemListElement\":[{\"@type\":\"ListItem\",\"position\":1,\"name\":\"Home\",\"item\":\"https:\/\/www.ameba.ch\/\"},{\"@type\":\"ListItem\",\"position\":2,\"name\":\"\u00dcber uns\"}]},{\"@type\":\"WebSite\",\"@id\":\"https:\/\/www.ameba.ch\/#website\",\"url\":\"https:\/\/www.ameba.ch\/\",\"name\":\"Ameba AG\",\"description\":\"\",\"publisher\":{\"@id\":\"https:\/\/www.ameba.ch\/#organization\"},\"potentialAction\":[{\"@type\":\"SearchAction\",\"target\":{\"@type\":\"EntryPoint\",\"urlTemplate\":\"https:\/\/www.ameba.ch\/?s={search_term_string}\"},\"query-input\":{\"@type\":\"PropertyValueSpecification\",\"valueRequired\":true,\"valueName\":\"search_term_string\"}}],\"inLanguage\":\"de\"},{\"@type\":\"Organization\",\"@id\":\"https:\/\/www.ameba.ch\/#organization\",\"name\":\"Ameba AG\",\"url\":\"https:\/\/www.ameba.ch\/\",\"logo\":{\"@type\":\"ImageObject\",\"inLanguage\":\"de\",\"@id\":\"https:\/\/www.ameba.ch\/#\/schema\/logo\/image\/\",\"url\":\"https:\/\/www.ameba.ch\/wp-content\/uploads\/2017\/09\/cropped-logo-1.png\",\"contentUrl\":\"https:\/\/www.ameba.ch\/wp-content\/uploads\/2017\/09\/cropped-logo-1.png\",\"width\":85,\"height\":85,\"caption\":\"Ameba AG\"},\"image\":{\"@id\":\"https:\/\/www.ameba.ch\/#\/schema\/logo\/image\/\"}}]}<\/script>\n<!-- \/ Yoast SEO plugin. -->","yoast_head_json":{"title":"Unternehmensgeschichte - Ameba AG","description":"Unternehmensgeschichte: Seit \u00fcber 90 Jahren vertreibt die Ameba AG erfolgreich Fl\u00fcssig-Silikonkautschuk, Konstruktionsklebstoffe, Giessharze etc.","robots":{"index":"index","follow":"follow","max-snippet":"max-snippet:-1","max-image-preview":"max-image-preview:large","max-video-preview":"max-video-preview:-1"},"canonical":"https:\/\/www.ameba.ch\/index.php\/about\/","og_locale":"de_DE","og_type":"article","og_title":"Unternehmensgeschichte - Ameba AG","og_description":"Unternehmensgeschichte: Seit \u00fcber 90 Jahren vertreibt die Ameba AG erfolgreich Fl\u00fcssig-Silikonkautschuk, Konstruktionsklebstoffe, Giessharze etc.","og_url":"https:\/\/www.ameba.ch\/index.php\/about\/","og_site_name":"Ameba AG","article_modified_time":"2023-01-09T13:35:27+00:00","og_image":[{"url":"https:\/\/www.ameba.ch\/wp-content\/uploads\/2021\/04\/Ameba-Lager-Frick-e1618403575181.jpg","type":"","width":"","height":""}],"twitter_card":"summary_large_image","twitter_misc":{"Gesch\u00e4tzte Lesezeit":"2\u00a0Minuten"},"schema":{"@context":"https:\/\/schema.org","@graph":[{"@type":"WebPage","@id":"https:\/\/www.ameba.ch\/index.php\/about\/","url":"https:\/\/www.ameba.ch\/index.php\/about\/","name":"Unternehmensgeschichte - Ameba AG","isPartOf":{"@id":"https:\/\/www.ameba.ch\/#website"},"primaryImageOfPage":{"@id":"https:\/\/www.ameba.ch\/index.php\/about\/#primaryimage"},"image":{"@id":"https:\/\/www.ameba.ch\/index.php\/about\/#primaryimage"},"thumbnailUrl":"https:\/\/www.ameba.ch\/wp-content\/uploads\/2021\/04\/Ameba-Lager-Frick-e1618403575181.jpg","datePublished":"2017-09-24T12:41:47+00:00","dateModified":"2023-01-09T13:35:27+00:00","description":"Unternehmensgeschichte: Seit \u00fcber 90 Jahren vertreibt die Ameba AG erfolgreich Fl\u00fcssig-Silikonkautschuk, Konstruktionsklebstoffe, Giessharze etc.","breadcrumb":{"@id":"https:\/\/www.ameba.ch\/index.php\/about\/#breadcrumb"},"inLanguage":"de","potentialAction":[{"@type":"ReadAction","target":["https:\/\/www.ameba.ch\/index.php\/about\/"]}]},{"@type":"ImageObject","inLanguage":"de","@id":"https:\/\/www.ameba.ch\/index.php\/about\/#primaryimage","url":"https:\/\/www.ameba.ch\/wp-content\/uploads\/2021\/04\/Ameba-Lager-Frick-e1618403575181.jpg","contentUrl":"https:\/\/www.ameba.ch\/wp-content\/uploads\/2021\/04\/Ameba-Lager-Frick-e1618403575181.jpg","width":565,"height":310,"caption":"Lager Ameba AG in Frick, heute"},{"@type":"BreadcrumbList","@id":"https:\/\/www.ameba.ch\/index.php\/about\/#breadcrumb","itemListElement":[{"@type":"ListItem","position":1,"name":"Home","item":"https:\/\/www.ameba.ch\/"},{"@type":"ListItem","position":2,"name":"\u00dcber uns"}]},{"@type":"WebSite","@id":"https:\/\/www.ameba.ch\/#website","url":"https:\/\/www.ameba.ch\/","name":"Ameba AG","description":"","publisher":{"@id":"https:\/\/www.ameba.ch\/#organization"},"potentialAction":[{"@type":"SearchAction","target":{"@type":"EntryPoint","urlTemplate":"https:\/\/www.ameba.ch\/?s={search_term_string}"},"query-input":{"@type":"PropertyValueSpecification","valueRequired":true,"valueName":"search_term_string"}}],"inLanguage":"de"},{"@type":"Organization","@id":"https:\/\/www.ameba.ch\/#organization","name":"Ameba AG","url":"https:\/\/www.ameba.ch\/","logo":{"@type":"ImageObject","inLanguage":"de","@id":"https:\/\/www.ameba.ch\/#\/schema\/logo\/image\/","url":"https:\/\/www.ameba.ch\/wp-content\/uploads\/2017\/09\/cropped-logo-1.png","contentUrl":"https:\/\/www.ameba.ch\/wp-content\/uploads\/2017\/09\/cropped-logo-1.png","width":85,"height":85,"caption":"Ameba AG"},"image":{"@id":"https:\/\/www.ameba.ch\/#\/schema\/logo\/image\/"}}]}},"_links":{"self":[{"href":"https:\/\/www.ameba.ch\/index.php\/wp-json\/wp\/v2\/pages\/14","targetHints":{"allow":["GET"]}}],"collection":[{"href":"https:\/\/www.ameba.ch\/index.php\/wp-json\/wp\/v2\/pages"}],"about":[{"href":"https:\/\/www.ameba.ch\/index.php\/wp-json\/wp\/v2\/types\/page"}],"author":[{"embeddable":true,"href":"https:\/\/www.ameba.ch\/index.php\/wp-json\/wp\/v2\/users\/1"}],"replies":[{"embeddable":true,"href":"https:\/\/www.ameba.ch\/index.php\/wp-json\/wp\/v2\/comments?post=14"}],"version-history":[{"count":89,"href":"https:\/\/www.ameba.ch\/index.php\/wp-json\/wp\/v2\/pages\/14\/revisions"}],"predecessor-version":[{"id":1919,"href":"https:\/\/www.ameba.ch\/index.php\/wp-json\/wp\/v2\/pages\/14\/revisions\/1919"}],"wp:attachment":[{"href":"https:\/\/www.ameba.ch\/index.php\/wp-json\/wp\/v2\/media?parent=14"}],"curies":[{"name":"wp","href":"https:\/\/api.w.org\/{rel}","templated":true}]}}