{"id":1988,"date":"2025-07-29T06:48:35","date_gmt":"2025-07-29T06:48:35","guid":{"rendered":"https:\/\/www.ameba.ch\/?page_id=1988"},"modified":"2025-07-29T06:48:35","modified_gmt":"2025-07-29T06:48:35","slug":"imprint","status":"publish","type":"page","link":"https:\/\/www.ameba.ch\/index.php\/imprint\/","title":{"rendered":"Imprint"},"content":{"rendered":"<section class=\"kc-elm kc-css-503070 kc_row\"><div class=\"kc-row-container  kc-container\"><div class=\"kc-wrap-columns\"><div class=\"kc-elm kc-css-736358 kc_col-sm-12 kc_column kc_col-sm-12\"><div class=\"kc-col-container\">\n<div class=\"kc-elm kc-css-487765 kc-title-wrap \">\n\n\t<h1 class=\"kc_title\">Impressum<\/h1>\n<\/div>\n<div class=\"kc-elm kc-css-329348 kc_text_block\"><\/p>\n<p class=\"font_8\"><b>Ameba AG<\/b><br \/>Beat Schirmer<br \/>Telefon +41 61 322 42 24<br \/><a href=\"https:\/\/www.ameba.ch\" target=\"_blank\" rel=\"noopener\">www.ameba.ch<\/a><br \/><a href=\"mailto:info@ameba.ch\" target=\"_blank\" rel=\"noopener\">info@ameba.ch<\/a><\/p>\n<h5 class=\"font_2\">Personnes habilit\u00e9es \u00e0 repr\u00e9senter<\/h5>\n<p class=\"font_8\">Beat Schirmer<\/p>\n<h5 class=\"font_2\">Iinscription au registre du commerce<\/h5>\n<p class=\"font_8\">Nom commercial enregistr\u00e9: Ameba AG<br \/>Num\u00e9ro: CHE-294.094.989<\/p>\n<h5 class=\"font_2\">Num\u00e9ro de TVA<\/h5>\n<p>CHE-294.094.989 MWST<\/p>\n<h5 class=\"font_2\">Clause de non-responsabilit\u00e9<\/h5>\n<p class=\"font_8\">L&#8217;auteur d\u00e9cline toute responsabilit\u00e9 quant \u00e0 l&#8217;exactitude, la pr\u00e9cision, l&#8217;actualit\u00e9, la fiabilit\u00e9 et l&#8217;exhaustivit\u00e9 des informations fournies.<\/p>\n<p class=\"font_8\">Toute responsabilit\u00e9 de l&#8217;auteur pour des dommages mat\u00e9riels ou immat\u00e9riels r\u00e9sultant de l&#8217;acc\u00e8s, de l&#8217;utilisation ou de la non-utilisation des informations publi\u00e9es, d&#8217;une mauvaise utilisation de la connexion ou de d\u00e9faillances techniques est exclue.<\/p>\n<p class=\"font_8\">Toutes les offres sont sans engagement. L&#8217;auteur se r\u00e9serve express\u00e9ment le droit de modifier, compl\u00e9ter ou supprimer tout ou partie des pages ou de l&#8217;offre sans pr\u00e9avis, ou d&#8217;en suspendre temporairement ou d\u00e9finitivement la publication.<\/p>\n<h5 class=\"font_2\">Responsabilit\u00e9 relative aux liens<\/h5>\n<p class=\"font_8\">Les r\u00e9f\u00e9rences et les liens vers des sites web tiers ne rel\u00e8vent pas de notre responsabilit\u00e9. Nous d\u00e9clinons toute responsabilit\u00e9 pour ces sites web. L&#8217;acc\u00e8s et l&#8217;utilisation de ces sites web se font aux risques et p\u00e9rils de l&#8217;utilisateur ou de l&#8217;utilisatrice.<\/p>\n<h5 class=\"font_2\">Droits d&#8217;auteur<\/h5>\n<p class=\"font_8\">Les droits d&#8217;auteur et tous les autres droits sur les contenus, images, photos ou autres fichiers du site web appartiennent exclusivement \u00e0 la soci\u00e9t\u00e9 Ameba AG ou aux titulaires de droits sp\u00e9cifiquement mentionn\u00e9s. La reproduction de tout \u00e9l\u00e9ment n\u00e9cessite l&#8217;accord \u00e9crit pr\u00e9alable des titulaires des droits d&#8217;auteur.<\/p>\n<h5 class=\"font_2\">Responsabilit\u00e9 \u00e9ditoriale<\/h5>\n<p>Beat Schirmer<\/p>\n<h5 class=\"font_2\">Hosting<\/h5>\n<p class=\"font_8\">phibus Informatik GmbH<br \/>Therwilerstrasse 52<br \/>4104 Oberwil<br \/><a href=\"https:\/\/www.phibus.ch\" target=\"_blank\" rel=\"noopener\">www.phibus.ch<\/a><br \/><a href=\"mailto:email@phibus.ch\">email@phibus.ch<\/a><\/p>\n<p>\n<\/div><\/div><\/div><\/div><\/div><\/section>\n","protected":false},"excerpt":{"rendered":"","protected":false},"author":1,"featured_media":0,"parent":0,"menu_order":0,"comment_status":"closed","ping_status":"closed","template":"","meta":{"footnotes":""},"class_list":["post-1988","page","type-page","status-publish","hentry"],"yoast_head":"<!-- This site is optimized with the Yoast SEO plugin v27.2 - https:\/\/yoast.com\/product\/yoast-seo-wordpress\/ -->\n<title>Imprint - Ameba AG<\/title>\n<meta name=\"robots\" content=\"index, follow, max-snippet:-1, max-image-preview:large, max-video-preview:-1\" \/>\n<link rel=\"canonical\" href=\"https:\/\/www.ameba.ch\/index.php\/fr\/imprint\/\" \/>\n<meta property=\"og:locale\" content=\"de_DE\" \/>\n<meta property=\"og:type\" content=\"article\" \/>\n<meta property=\"og:title\" content=\"Imprint - Ameba AG\" \/>\n<meta property=\"og:description\" content=\"Impressum Ameba AGBeat SchirmerTelefon +41 61 322 42 24www.ameba.chinfo@ameba.ch Personnes habilit\u00e9es \u00e0 repr\u00e9senter Beat Schirmer Iinscription au registre du commerce Nom commercial enregistr\u00e9: Ameba AGNum\u00e9ro: CHE-294.094.989 Num\u00e9ro de TVA CHE-294.094.989 MWST Clause de non-responsabilit\u00e9 L&#8217;auteur d\u00e9cline toute responsabilit\u00e9 quant \u00e0 l&#8217;exactitude, la pr\u00e9cision, l&#8217;actualit\u00e9, la fiabilit\u00e9 et l&#8217;exhaustivit\u00e9 des informations fournies. Toute responsabilit\u00e9 de l&#8217;auteur [&hellip;]\" \/>\n<meta property=\"og:url\" content=\"https:\/\/www.ameba.ch\/index.php\/fr\/imprint\/\" \/>\n<meta property=\"og:site_name\" content=\"Ameba AG\" \/>\n<meta name=\"twitter:card\" content=\"summary_large_image\" \/>\n<meta name=\"twitter:label1\" content=\"Gesch\u00e4tzte Lesezeit\" \/>\n\t<meta name=\"twitter:data1\" content=\"1\u00a0Minute\" \/>\n<script type=\"application\/ld+json\" class=\"yoast-schema-graph\">{\"@context\":\"https:\/\/schema.org\",\"@graph\":[{\"@type\":\"WebPage\",\"@id\":\"https:\/\/www.ameba.ch\/index.php\/fr\/imprint\/\",\"url\":\"https:\/\/www.ameba.ch\/index.php\/fr\/imprint\/\",\"name\":\"Imprint - Ameba AG\",\"isPartOf\":{\"@id\":\"https:\/\/www.ameba.ch\/#website\"},\"datePublished\":\"2025-07-29T06:48:35+00:00\",\"breadcrumb\":{\"@id\":\"https:\/\/www.ameba.ch\/index.php\/fr\/imprint\/#breadcrumb\"},\"inLanguage\":\"de\",\"potentialAction\":[{\"@type\":\"ReadAction\",\"target\":[\"https:\/\/www.ameba.ch\/index.php\/fr\/imprint\/\"]}]},{\"@type\":\"BreadcrumbList\",\"@id\":\"https:\/\/www.ameba.ch\/index.php\/fr\/imprint\/#breadcrumb\",\"itemListElement\":[{\"@type\":\"ListItem\",\"position\":1,\"name\":\"Home\",\"item\":\"https:\/\/www.ameba.ch\/\"},{\"@type\":\"ListItem\",\"position\":2,\"name\":\"Imprint\"}]},{\"@type\":\"WebSite\",\"@id\":\"https:\/\/www.ameba.ch\/#website\",\"url\":\"https:\/\/www.ameba.ch\/\",\"name\":\"Ameba AG\",\"description\":\"\",\"publisher\":{\"@id\":\"https:\/\/www.ameba.ch\/#organization\"},\"potentialAction\":[{\"@type\":\"SearchAction\",\"target\":{\"@type\":\"EntryPoint\",\"urlTemplate\":\"https:\/\/www.ameba.ch\/?s={search_term_string}\"},\"query-input\":{\"@type\":\"PropertyValueSpecification\",\"valueRequired\":true,\"valueName\":\"search_term_string\"}}],\"inLanguage\":\"de\"},{\"@type\":\"Organization\",\"@id\":\"https:\/\/www.ameba.ch\/#organization\",\"name\":\"Ameba AG\",\"url\":\"https:\/\/www.ameba.ch\/\",\"logo\":{\"@type\":\"ImageObject\",\"inLanguage\":\"de\",\"@id\":\"https:\/\/www.ameba.ch\/#\/schema\/logo\/image\/\",\"url\":\"https:\/\/www.ameba.ch\/wp-content\/uploads\/2017\/09\/cropped-logo-1.png\",\"contentUrl\":\"https:\/\/www.ameba.ch\/wp-content\/uploads\/2017\/09\/cropped-logo-1.png\",\"width\":85,\"height\":85,\"caption\":\"Ameba AG\"},\"image\":{\"@id\":\"https:\/\/www.ameba.ch\/#\/schema\/logo\/image\/\"}}]}<\/script>\n<!-- \/ Yoast SEO plugin. -->","yoast_head_json":{"title":"Imprint - Ameba AG","robots":{"index":"index","follow":"follow","max-snippet":"max-snippet:-1","max-image-preview":"max-image-preview:large","max-video-preview":"max-video-preview:-1"},"canonical":"https:\/\/www.ameba.ch\/index.php\/fr\/imprint\/","og_locale":"de_DE","og_type":"article","og_title":"Imprint - Ameba AG","og_description":"Impressum Ameba AGBeat SchirmerTelefon +41 61 322 42 24www.ameba.chinfo@ameba.ch Personnes habilit\u00e9es \u00e0 repr\u00e9senter Beat Schirmer Iinscription au registre du commerce Nom commercial enregistr\u00e9: Ameba AGNum\u00e9ro: CHE-294.094.989 Num\u00e9ro de TVA CHE-294.094.989 MWST Clause de non-responsabilit\u00e9 L&#8217;auteur d\u00e9cline toute responsabilit\u00e9 quant \u00e0 l&#8217;exactitude, la pr\u00e9cision, l&#8217;actualit\u00e9, la fiabilit\u00e9 et l&#8217;exhaustivit\u00e9 des informations fournies. Toute responsabilit\u00e9 de l&#8217;auteur [&hellip;]","og_url":"https:\/\/www.ameba.ch\/index.php\/fr\/imprint\/","og_site_name":"Ameba AG","twitter_card":"summary_large_image","twitter_misc":{"Gesch\u00e4tzte Lesezeit":"1\u00a0Minute"},"schema":{"@context":"https:\/\/schema.org","@graph":[{"@type":"WebPage","@id":"https:\/\/www.ameba.ch\/index.php\/fr\/imprint\/","url":"https:\/\/www.ameba.ch\/index.php\/fr\/imprint\/","name":"Imprint - Ameba AG","isPartOf":{"@id":"https:\/\/www.ameba.ch\/#website"},"datePublished":"2025-07-29T06:48:35+00:00","breadcrumb":{"@id":"https:\/\/www.ameba.ch\/index.php\/fr\/imprint\/#breadcrumb"},"inLanguage":"de","potentialAction":[{"@type":"ReadAction","target":["https:\/\/www.ameba.ch\/index.php\/fr\/imprint\/"]}]},{"@type":"BreadcrumbList","@id":"https:\/\/www.ameba.ch\/index.php\/fr\/imprint\/#breadcrumb","itemListElement":[{"@type":"ListItem","position":1,"name":"Home","item":"https:\/\/www.ameba.ch\/"},{"@type":"ListItem","position":2,"name":"Imprint"}]},{"@type":"WebSite","@id":"https:\/\/www.ameba.ch\/#website","url":"https:\/\/www.ameba.ch\/","name":"Ameba AG","description":"","publisher":{"@id":"https:\/\/www.ameba.ch\/#organization"},"potentialAction":[{"@type":"SearchAction","target":{"@type":"EntryPoint","urlTemplate":"https:\/\/www.ameba.ch\/?s={search_term_string}"},"query-input":{"@type":"PropertyValueSpecification","valueRequired":true,"valueName":"search_term_string"}}],"inLanguage":"de"},{"@type":"Organization","@id":"https:\/\/www.ameba.ch\/#organization","name":"Ameba AG","url":"https:\/\/www.ameba.ch\/","logo":{"@type":"ImageObject","inLanguage":"de","@id":"https:\/\/www.ameba.ch\/#\/schema\/logo\/image\/","url":"https:\/\/www.ameba.ch\/wp-content\/uploads\/2017\/09\/cropped-logo-1.png","contentUrl":"https:\/\/www.ameba.ch\/wp-content\/uploads\/2017\/09\/cropped-logo-1.png","width":85,"height":85,"caption":"Ameba AG"},"image":{"@id":"https:\/\/www.ameba.ch\/#\/schema\/logo\/image\/"}}]}},"_links":{"self":[{"href":"https:\/\/www.ameba.ch\/index.php\/wp-json\/wp\/v2\/pages\/1988","targetHints":{"allow":["GET"]}}],"collection":[{"href":"https:\/\/www.ameba.ch\/index.php\/wp-json\/wp\/v2\/pages"}],"about":[{"href":"https:\/\/www.ameba.ch\/index.php\/wp-json\/wp\/v2\/types\/page"}],"author":[{"embeddable":true,"href":"https:\/\/www.ameba.ch\/index.php\/wp-json\/wp\/v2\/users\/1"}],"replies":[{"embeddable":true,"href":"https:\/\/www.ameba.ch\/index.php\/wp-json\/wp\/v2\/comments?post=1988"}],"version-history":[{"count":1,"href":"https:\/\/www.ameba.ch\/index.php\/wp-json\/wp\/v2\/pages\/1988\/revisions"}],"predecessor-version":[{"id":1989,"href":"https:\/\/www.ameba.ch\/index.php\/wp-json\/wp\/v2\/pages\/1988\/revisions\/1989"}],"wp:attachment":[{"href":"https:\/\/www.ameba.ch\/index.php\/wp-json\/wp\/v2\/media?parent=1988"}],"curies":[{"name":"wp","href":"https:\/\/api.w.org\/{rel}","templated":true}]}}